{"id":20682,"date":"2025-10-10T12:18:27","date_gmt":"2025-10-10T12:18:27","guid":{"rendered":"https:\/\/convierteweb.com\/?page_id=20682"},"modified":"2025-10-10T12:19:25","modified_gmt":"2025-10-10T12:19:25","slug":"legal","status":"publish","type":"page","link":"https:\/\/convierteweb.com\/en\/legal\/","title":{"rendered":"Aviso Legal"},"content":{"rendered":"<h2 class=\"wp-block-heading\">Aviso Legal<\/h2>\n\n\n\n<p>El presente Aviso Legal regula el uso del sitio web <strong>convierteweb.com<\/strong> (en adelante, el \u201cSitio Web\u201d), cuyo titular es <strong>Yolox\u00f3chitl Aguilar Garc\u00eda<\/strong>, con <strong>NIF 17607293B<\/strong>, y domicilio fiscal en <strong>Carrer Guix 10, Vilanova del Cam\u00ed<\/strong>.<\/p>\n\n\n\n<p>Contacto:<br>E-mail: <strong>info@convierteweb.com<\/strong><br>Tel\u00e9fono (opcional): <strong>644044653<\/strong><\/p>\n\n\n\n<p>Al acceder, navegar o usar este Sitio Web, aceptas las condiciones establecidas en este Aviso Legal. Si no est\u00e1s de acuerdo con cualquiera de esas condiciones, deber\u00e1s abstenerte de usar este Sitio Web.<\/p>\n\n\n\n<hr class=\"wp-block-separator has-alpha-channel-opacity\"\/>\n\n\n\n<h3 class=\"wp-block-heading\">1. Identificaci\u00f3n del prestador del servicio<\/h3>\n\n\n\n<p>De conformidad con el art\u00edculo 10 de la LSSI-CE, te informo los datos de identificaci\u00f3n del prestador del servicio de la sociedad de la informaci\u00f3n:<\/p>\n\n\n\n<ul class=\"wp-block-list\">\n<li>Titular: <strong>Yolox\u00f3chitl Aguilar Garc\u00eda<\/strong><\/li>\n\n\n\n<li>NIF: <strong><strong>17607293B<\/strong><\/strong><\/li>\n\n\n\n<li>Domicilio: <strong>Carrer Guix 10, Vilanova del Cam\u00ed<\/strong>.<\/li>\n\n\n\n<li>E-mail: <strong>info@convierteweb.com<\/strong><\/li>\n\n\n\n<li>Phone: <strong>644044653<\/strong><\/li>\n<\/ul>\n\n\n\n<hr class=\"wp-block-separator has-alpha-channel-opacity\"\/>\n\n\n\n<h3 class=\"wp-block-heading\">2. Objeto<\/h3>\n\n\n\n<p>Este Sitio Web tiene como finalidad proporcionar informaci\u00f3n sobre <strong>Dise\u00f1o de sitios web, mantenimiento web y Posicionamiento web<\/strong> y facilitar la posibilidad de contactar, contratar servicios, suscribirse o realizar compras (si aplica) bajo las condiciones que se establezcan en este sitio.<\/p>\n\n\n\n<hr class=\"wp-block-separator has-alpha-channel-opacity\"\/>\n\n\n\n<h3 class=\"wp-block-heading\">3. Condiciones de uso del Sitio Web<\/h3>\n\n\n\n<ul class=\"wp-block-list\">\n<li>El acceso al Sitio Web es gratuito salvo los costos de conexi\u00f3n a internet que aplique tu proveedor.<\/li>\n\n\n\n<li>El uso de este Sitio Web es responsabilidad del usuario, quien se compromete a no utilizar los contenidos para fines il\u00edcitos, contrarios al buen uso, la moral o el orden p\u00fablico.<\/li>\n\n\n\n<li>Queda prohibido utilizar el Sitio Web para difundir contenidos contrarios a derechos humanos, odio, pornograf\u00eda, estafas, virus, etc.<\/li>\n\n\n\n<li>No garantizo que el Sitio Web est\u00e9 libre de errores, interrupciones, virus u otros elementos que da\u00f1en el sistema inform\u00e1tico del usuario.<\/li>\n\n\n\n<li>Me reservo el derecho de modificar, suspender o interrumpir el Sitio Web total o parcialmente sin previo aviso, ya sea temporal o definitivamente.<\/li>\n<\/ul>\n\n\n\n<hr class=\"wp-block-separator has-alpha-channel-opacity\"\/>\n\n\n\n<h3 class=\"wp-block-heading\">4. Propiedad intelectual e industrial<\/h3>\n\n\n\n<ul class=\"wp-block-list\">\n<li>Todos los contenidos (textos, im\u00e1genes, gr\u00e1ficos, logos, audio, v\u00eddeo, dise\u00f1o, c\u00f3digo fuente, etc.) presentes en el Sitio Web est\u00e1n sujetos a derechos de propiedad intelectual e industrial, y son titularidad de <strong>It Converts Web<\/strong> o de terceros que han autorizado su uso.<\/li>\n\n\n\n<li>Queda prohibida su reproducci\u00f3n, distribuci\u00f3n, comunicaci\u00f3n p\u00fablica, transformaci\u00f3n o cualquier otra forma de explotaci\u00f3n no permitida sin autorizaci\u00f3n expresa por escrito.<\/li>\n\n\n\n<li>Puedes visualizar, imprimir o descargar fragmentos de los contenidos si es para uso personal, no comercial, y siempre que no se altere el contenido ni se eliminen cr\u00e9ditos ni avisos de propiedad.<\/li>\n\n\n\n<li>Las marcas, logotipos o signos distintivos que aparecen en el Sitio Web son propiedad de <strong><strong>It Converts Web<\/strong><\/strong> o de terceros que las han autorizado. Su uso est\u00e1 prohibido sin permiso.<\/li>\n<\/ul>\n\n\n\n<hr class=\"wp-block-separator has-alpha-channel-opacity\"\/>\n\n\n\n<h3 class=\"wp-block-heading\">5. Enlaces (hiperv\u00ednculos)<\/h3>\n\n\n\n<ul class=\"wp-block-list\">\n<li>Este Sitio Web puede contener enlaces (\u201clinks\u201d) hacia otros sitios externos. Dichos enlaces se ofrecen como servicio al usuario, sin que ello suponga que respaldo o apruebe esos contenidos externos.<\/li>\n\n\n\n<li>No respondo por la disponibilidad, calidad, fiabilidad, exactitud, veracidad ni por los contenidos presentes en esos sitios externos enlazados.<\/li>\n\n\n\n<li>Si estableces un enlace desde tu sitio a este Sitio Web, deber\u00e1s hacerlo de forma que no sugiera falseadamente una relaci\u00f3n, respaldo o identidad con este Sitio Web.<\/li>\n<\/ul>\n\n\n\n<hr class=\"wp-block-separator has-alpha-channel-opacity\"\/>\n\n\n\n<h3 class=\"wp-block-heading\">6. Protecci\u00f3n de datos personales \/ Privacidad<\/h3>\n\n\n\n<ul class=\"wp-block-list\">\n<li>Los datos de car\u00e1cter personal que los usuarios proporcionen a trav\u00e9s de formularios u otros medios ser\u00e1n tratados conforme a lo dispuesto en la <strong>Privacy policy<\/strong> disponible en <strong><a href=\"https:\/\/convierteweb.com\/en\/privacy-policy\/\" data-type=\"page\" data-id=\"1255\">this link<\/a><\/strong>.<\/li>\n\n\n\n<li>En esa pol\u00edtica se informa sobre qu\u00e9 datos se recogen, con qu\u00e9 finalidad, la base legal del tratamiento, destinatarios, plazos de conservaci\u00f3n, derechos de los usuarios (acceso, rectificaci\u00f3n, supresi\u00f3n, oposici\u00f3n, limitaci\u00f3n, portabilidad), y c\u00f3mo ejercerlos ante el responsable del tratamiento (t\u00fa).<\/li>\n\n\n\n<li>Tambi\u00e9n se indica la existencia de posibles transferencias internacionales de datos, medidas de seguridad aplicadas, y uso de prestadores de servicios por cuenta (encargados del tratamiento), siempre bajo contrato.<\/li>\n<\/ul>\n\n\n\n<hr class=\"wp-block-separator has-alpha-channel-opacity\"\/>\n\n\n\n<h3 class=\"wp-block-heading\">7. Comunicaciones comerciales<\/h3>\n\n\n\n<p>De conformidad con el art\u00edculo 21 de la LSSI-CE:<\/p>\n\n\n\n<ul class=\"wp-block-list\">\n<li>No se podr\u00e1n enviar comunicaciones comerciales por correo electr\u00f3nico u otros medios electr\u00f3nicos salvo que el destinatario las haya consentido expresamente previamente, o exista una relaci\u00f3n contractual previa con el cliente, y siempre que dichas comunicaciones se refieran a productos o servicios similares a los contratados.<\/li>\n\n\n\n<li>Las comunicaciones que se env\u00eden deben contener de forma clara la identidad del emisor, la finalidad publicitaria del mensaje y una v\u00eda sencilla para que el destinatario pueda oponerse al env\u00edo futuro.<\/li>\n<\/ul>\n\n\n\n<hr class=\"wp-block-separator has-alpha-channel-opacity\"\/>\n\n\n\n<h3 class=\"wp-block-heading\">8. Limitaci\u00f3n de responsabilidad<\/h3>\n\n\n\n<ul class=\"wp-block-list\">\n<li>No ser\u00e9 responsable por da\u00f1os o perjuicios de cualquier naturaleza que puedan derivarse del uso del Sitio Web, salvo que medie dolo o negligencia grave.<\/li>\n\n\n\n<li>No garantizo que el Sitio Web est\u00e9 libre de errores, interrupciones, fallos t\u00e9cnicos o incompatibilidades con dispositivos del usuario.<\/li>\n\n\n\n<li>No me responsabilizo de los da\u00f1os causados por terceros o contenidos externos enlazados.<\/li>\n\n\n\n<li>En ning\u00fan caso mi responsabilidad total frente al usuario exceder\u00e1 el importe que el usuario haya pagado (si hubiere) al usar mis servicios en relaci\u00f3n directa con el evento que motive la reclamaci\u00f3n.<\/li>\n<\/ul>\n\n\n\n<hr class=\"wp-block-separator has-alpha-channel-opacity\"\/>\n\n\n\n<h3 class=\"wp-block-heading\">9. Vigencia y modificaciones<\/h3>\n\n\n\n<ul class=\"wp-block-list\">\n<li>Este Aviso Legal entrar\u00e1 en vigor desde su publicaci\u00f3n en el Sitio Web.<\/li>\n\n\n\n<li>Me reservo el derecho de modificarlo, total o parcialmente, para adaptarlo a cambios legales, jurisprudenciales o de funcionamiento del sitio.<\/li>\n\n\n\n<li>Las modificaciones ser\u00e1n efectivas desde el momento de su publicaci\u00f3n, por lo que te conviene revisarlo peri\u00f3dicamente.<\/li>\n<\/ul>\n\n\n\n<hr class=\"wp-block-separator has-alpha-channel-opacity\"\/>\n\n\n\n<h3 class=\"wp-block-heading\">10. Ley aplicable y jurisdicci\u00f3n<\/h3>\n\n\n\n<ul class=\"wp-block-list\">\n<li>Las relaciones entre t\u00fa (usuario) y <strong>It Converts Web<\/strong> se rigen por la legislaci\u00f3n espa\u00f1ola y las normas de la Uni\u00f3n Europea que resulten aplicables.<\/li>\n\n\n\n<li>Para la resoluci\u00f3n de controversias derivadas o relacionadas con este Aviso Legal, las partes, con renuncia expresa a otro fuero que pudiera corresponder, se someten a los juzgados y tribunales de Igualada (Barcelona, Espa\u00f1a).<\/li>\n<\/ul>\n\n\n\n<p><\/p>","protected":false},"excerpt":{"rendered":"<p>Aviso Legal El presente Aviso Legal regula el uso del sitio web convierteweb.com (en adelante, el \u201cSitio Web\u201d), cuyo titular es Yolox\u00f3chitl Aguilar Garc\u00eda, con NIF 17607293B, y domicilio fiscal en Carrer Guix 10, Vilanova del Cam\u00ed. Contacto:Correo electr\u00f3nico: info@convierteweb.comTel\u00e9fono (opcional): 644044653 Al acceder, navegar o usar este Sitio Web, aceptas las condiciones establecidas en [&hellip;]<\/p>\n","protected":false},"author":1,"featured_media":0,"parent":0,"menu_order":0,"comment_status":"closed","ping_status":"closed","template":"","meta":{"footnotes":""},"class_list":["post-20682","page","type-page","status-publish","hentry"],"_links":{"self":[{"href":"https:\/\/convierteweb.com\/en\/wp-json\/wp\/v2\/pages\/20682","targetHints":{"allow":["GET"]}}],"collection":[{"href":"https:\/\/convierteweb.com\/en\/wp-json\/wp\/v2\/pages"}],"about":[{"href":"https:\/\/convierteweb.com\/en\/wp-json\/wp\/v2\/types\/page"}],"author":[{"embeddable":true,"href":"https:\/\/convierteweb.com\/en\/wp-json\/wp\/v2\/users\/1"}],"replies":[{"embeddable":true,"href":"https:\/\/convierteweb.com\/en\/wp-json\/wp\/v2\/comments?post=20682"}],"version-history":[{"count":0,"href":"https:\/\/convierteweb.com\/en\/wp-json\/wp\/v2\/pages\/20682\/revisions"}],"wp:attachment":[{"href":"https:\/\/convierteweb.com\/en\/wp-json\/wp\/v2\/media?parent=20682"}],"curies":[{"name":"wp","href":"https:\/\/api.w.org\/{rel}","templated":true}]}}