{"id":1253,"date":"2023-05-10T15:11:48","date_gmt":"2023-05-10T15:11:48","guid":{"rendered":"https:\/\/convierteweb.com\/?page_id=1253"},"modified":"2023-05-11T04:27:23","modified_gmt":"2023-05-11T04:27:23","slug":"cookie-policy","status":"publish","type":"page","link":"https:\/\/convierteweb.com\/en\/politica-de-cookies\/","title":{"rendered":"Cookie policy"},"content":{"rendered":"<p>Date of entry into force: 12-Feb-2023<br>Last update: 12-Feb-2023<\/p>\n\n\n\n<h2 class=\"wp-block-heading\">What are cookies?<\/h2>\n\n\n\n<p>This cookie Policy explains what cookies are and how we use them, the types of cookies that we use, that is to say, the information we collect using cookies and how that information is used, and how to manage the cookie settings.<br>Cookies are small text files that are used to store small pieces of information. It is stored on your device when the website is loaded on your browser. These cookies help us make the website function properly, make it more secure, provide better user experience, and understand how the website works and to analyze what works and where it needs improvement.<\/p>\n\n\n\n<h2 class=\"wp-block-heading\">How do we use cookies?<\/h2>\n\n\n\n<p>As most of the online services, our website uses cookies own and third parties for various purposes. First-party cookies are mostly necessary for the website to function the right way, and do not collect any of your personally identifiable data.<br>Third-party cookies used on our website are mainly for understanding how the website works, how you interact with our website, keeping our services secure, providing advertisements that are relevant to you and, in general, provide you with a better user experience and improved and help speed up your future interactions with our website.<\/p>\n\n\n\n<h2 class=\"wp-block-heading\">Types of cookies we use<\/h2>\n\n\n\n<div class=\"cky-audit-table-element\"><\/div>\n\n\n\n<h2 class=\"wp-block-heading\">To manage preferences for cookies<\/h2>\n\n\n\n<a href=\"#\" class=\"cky-banner-element\">Change cookie configuration<\/a>\n\n\n\n<div style=\"height:25px\" aria-hidden=\"true\" class=\"wp-block-spacer\"><\/div>\n\n\n\n<p>You can change your preferences for cookies at any time by clicking on the button above. This will allow you to revisit the banner of consent for cookies and to change your preferences or withdraw your consent immediately.<br>In addition to this, different browsers provide different methods to block and delete cookies used by websites. You can change the settings of your browser to block\/delete the cookies. Listed below are the links to the support documents on how to manage and delete cookies from major web browsers.<br>Chrome:<a href=\"https:\/\/support.google.com\/accounts\/answer\/32050\" target=\"_blank\" rel=\"noreferrer noopener\">\u00a0https:\/\/support.google.com\/accounts\/answer\/32050<\/a><br>Safari:\u00a0<a href=\"https:\/\/support.apple.com\/en-in\/guide\/safari\/sfri11471\/mac\" target=\"_blank\" rel=\"noreferrer noopener\">https:\/\/support.apple.com\/en-in\/guide\/safari\/sfri11471\/mac<\/a><br>Firefox:\u00a0<a href=\"https:\/\/support.mozilla.org\/en-US\/kb\/clear-cookies-and-site-data-firefox?redirectslug=delete-cookies-remove-info-websites-stored&amp;redirectlocale=en-US\" target=\"_blank\" rel=\"noreferrer noopener\">https:\/\/support.mozilla.org\/en-US\/kb\/clear-cookies-and-site-data-firefox?redirectslug=delete-cookies-remove-info-websites-stored&amp;redirectlocale=en-US<\/a><br>Edge:\u00a0<a href=\"https:\/\/support.microsoft.com\/en-us\/topic\/how-to-delete-cookie-files-in-internet-explorer-bca9446f-d873-78de-77ba-d42645fa52fc\" target=\"_blank\" rel=\"noreferrer noopener\">https:\/\/support.microsoft.com\/en-us\/topic\/how-to-delete-cookie-files-in-internet-explorer-bca9446f-d873-78de-77ba-d42645fa52fc<\/a><br>If you are using any other web browser, please visit the support documents with officials in your browser.<\/p>","protected":false},"excerpt":{"rendered":"<p>Fecha de entrada en vigor: 12-Feb-2023\u00daltima actualizaci\u00f3n: 12-Feb-2023 \u00bfQu\u00e9 son las cookies? Esta Pol\u00edtica de cookies explica qu\u00e9 son las cookies y c\u00f3mo las usamos, los tipos de cookies que utilizamos, es decir, la informaci\u00f3n que recopilamos mediante cookies y c\u00f3mo se utiliza esa informaci\u00f3n, y c\u00f3mo administrar la configuraci\u00f3n de cookies.Las cookies son peque\u00f1os [&hellip;]<\/p>\n","protected":false},"author":1,"featured_media":0,"parent":0,"menu_order":0,"comment_status":"closed","ping_status":"closed","template":"","meta":{"footnotes":""},"class_list":["post-1253","page","type-page","status-publish","hentry"],"_links":{"self":[{"href":"https:\/\/convierteweb.com\/en\/wp-json\/wp\/v2\/pages\/1253","targetHints":{"allow":["GET"]}}],"collection":[{"href":"https:\/\/convierteweb.com\/en\/wp-json\/wp\/v2\/pages"}],"about":[{"href":"https:\/\/convierteweb.com\/en\/wp-json\/wp\/v2\/types\/page"}],"author":[{"embeddable":true,"href":"https:\/\/convierteweb.com\/en\/wp-json\/wp\/v2\/users\/1"}],"replies":[{"embeddable":true,"href":"https:\/\/convierteweb.com\/en\/wp-json\/wp\/v2\/comments?post=1253"}],"version-history":[{"count":0,"href":"https:\/\/convierteweb.com\/en\/wp-json\/wp\/v2\/pages\/1253\/revisions"}],"wp:attachment":[{"href":"https:\/\/convierteweb.com\/en\/wp-json\/wp\/v2\/media?parent=1253"}],"curies":[{"name":"wp","href":"https:\/\/api.w.org\/{rel}","templated":true}]}}