{"id":1255,"date":"2023-05-10T15:13:03","date_gmt":"2023-05-10T15:13:03","guid":{"rendered":"https:\/\/convierteweb.com\/?page_id=1255"},"modified":"2025-10-10T12:03:29","modified_gmt":"2025-10-10T12:03:29","slug":"politica-de-privadesa","status":"publish","type":"page","link":"https:\/\/convierteweb.com\/ca\/politica-de-privacidad\/","title":{"rendered":"Pol\u00edtica de privacitat"},"content":{"rendered":"<h2 class=\"wp-block-heading\">Pol\u00edtica de privacitat del lloc Web<\/h2>\n\n\n\n<h4 class=\"wp-block-heading\"><a href=\"https:\/\/convierteweb.com\/ca\/\">https:\/\/convierteweb.com<\/a><\/h4>\n\n\n\n<h3 class=\"wp-block-heading\">I. Pol\u00edtica de privacitat i protecci\u00f3 de dades<\/h3>\n\n\n\n<p>D'acord amb la legislaci\u00f3 vigent, es Convierte Web (d'ara endavant, tamb\u00e9 lloc Web) que es compromet a adoptar les mesures t\u00e8cniques i organitzatives necess\u00e0ries, segons el nivell de seguretat apropiat al risc de les dades recollides.<\/p>\n\n\n\n<h4 class=\"wp-block-heading\">Les lleis que incorpora aquesta pol\u00edtica de privacitat<\/h4>\n\n\n\n<p>Esta pol\u00edtica de privacidad est\u00e1 adaptada a la normativa espa\u00f1ola y europea vigente en materia de protecci\u00f3n de datos personales en internet. En concreto, la misma respeta las siguientes normas:<\/p>\n\n\n\n<ul class=\"wp-block-list\">\n<li>Reglament (UE) 2016\/679 del Parlament Europeu i del Consell, de 27 d&#039;abril de 2016 a la protecci\u00f3 de les persones f\u00edsiques pel que fa al tractament de dades personals i a la lliure circulaci\u00f3 d&#039;aquestes dades (RGPD).<\/li>\n\n\n\n<li>La Llei Org\u00e0nica 3\/2018, de 5 de desembre, de Protecci\u00f3 de Dades Personals i la garantia de drets digitals (LOPD-GDD).<\/li>\n\n\n\n<li>El Reial Decret 1720\/2007, de 21 de desembre, pel qual s&#039;aprova el Reglament de desenvolupament de la Llei Org\u00e0nica 15\/1999, de 13 de desembre, de Protecci\u00f3 de Dades de car\u00e0cter Personal (RDLOPD).<\/li>\n\n\n\n<li>La Llei 34\/2002, de 11 de juliol, de Serveis de la Societat de la Informaci\u00f3 i de Comer\u00e7 Electr\u00f2nic (la LSSI-CE).<\/li>\n<\/ul>\n\n\n\n<h4 class=\"wp-block-heading\">La identitat del responsable del tractament de dades personals<\/h4>\n\n\n\n<p>El responsable del tratamiento de los datos personales recogidos en\u00a0Convierte Web\u00a0es:\u00a0Yolox\u00f3chitl Aguilar Garc\u00eda\u00a0(en adelante, Responsable del tratamiento). Sus datos de contacto son los siguientes:<\/p>\n\n\n\n<p>Direcci\u00f3n: Carrer Guix 10, Vilanova del Cam\u00ed 08788<\/p>\n\n\n\n<p>Tel\u00e9fono de contacto:\u00a0+34 644 044 653<\/p>\n\n\n\n<p>Correu de contacte: info@convierteweb.com<\/p>\n\n\n\n<h4 class=\"wp-block-heading\">El registre de Dades Personals<\/h4>\n\n\n\n<p>En compliment del que s'estableix en el RGPD Europeu i les lleis nord-americanes, us informem que les dades personals recollides per Convierte Web, a trav\u00e9s de les formes estesa en les seves p\u00e0gines, seran incorporades i seran tractades en el nostre fitxer per tal de facilitar, agilitzar i complir els compromisos establerts entre Convierte Web i l'Usuari o el manteniment de la relaci\u00f3 que s'estableix en la forma que aquesta omplir, o a l'adre\u00e7a de la sol\u00b7licitud o de la investigaci\u00f3 de la mateixa. Tamb\u00e9, d'acord amb el que estableix el RGPD i la u.s. les lleis, llevat que l'aplicaci\u00f3 de l'excepci\u00f3 prevista en l'article 30.5 de la RGPD, es guarda un registre de la tramitaci\u00f3 de les activitats que s'especifica, d'acord amb els seus objectius, el processament de les activitats que es duen a terme, i les altres circumst\u00e0ncies previstes en les lleis.<\/p>\n\n\n\n<h4 class=\"wp-block-heading\">Principis aplicables al tractament de dades de car\u00e0cter personal<\/h4>\n\n\n\n<p>El tractament de les dades personals de l&#039;Usuari, s&#039;hauran de presentar a les seg\u00fcents principis establerts en l&#039;article 5 de la RGPD i la Protecci\u00f3 de Dades Personals i la garantia de drets digitals:<\/p>\n\n\n\n<ul class=\"wp-block-list\">\n<li>Principi de legalitat, la lleialtat i transpar\u00e8ncia: a requerir en qualsevol moment el consentiment de l&#039;Usuari informaci\u00f3 pr\u00e8via totalment transparent a les finalitats per a les quals les dades personals recollides.<\/li>\n\n\n\n<li>Principi de limitaci\u00f3 de la seva finalitat: dades personals seran recollides per a determinats, expl\u00edcits i leg\u00edtims.<\/li>\n\n\n\n<li>Principi de la minimitzaci\u00f3 de les dades: les dades personals recollides seran nom\u00e9s aquelles estrictament necess\u00e0ries en relaci\u00f3 amb les finalitats per a les quals es tracti.<\/li>\n\n\n\n<li>Principi d&#039;exactitud: les dades personals hauran de ser exactes i estar sempre al dia.<\/li>\n\n\n\n<li>Principi de limitaci\u00f3 de la durada de conservaci\u00f3: les dades personals nom\u00e9s seran mantinguts de manera que permeti la identificaci\u00f3 de l&#039;Usuari durant el temps necessari per a les finalitats del seu tractament.<\/li>\n\n\n\n<li>Principi d&#039;integritat i confidencialitat: les dades personals seran tractades de manera que es garanteixin la seva seguretat i confidencialitat.<\/li>\n\n\n\n<li>Principi de responsabilitat proactiva: el controlador ser\u00e0 responsable de garantir que aquests principis es compleixen.<\/li>\n<\/ul>\n\n\n\n<h4 class=\"wp-block-heading\">Les Categories de dades de car\u00e0cter personal<\/h4>\n\n\n\n<p>Les categories de dades que es tracten en Convierte Web s\u00f3n nom\u00e9s dades identificatives. En qualsevol cas, s\u00f3n tractats especials categories de dades de car\u00e0cter personal en el sentit de l'article 9 de la RGPD.<\/p>\n\n\n\n<h4 class=\"wp-block-heading\">Bases legals per al tractament de dades personals<\/h4>\n\n\n\n<p>La base legal per al tractament de les dades personals constitueix el consentiment expr\u00e9s. Convertir lloc Web es compromet a obtenir l&#039;autoritzaci\u00f3 expressa i fefaent per part de l&#039;Usuari al tractament de les seves dades de car\u00e0cter personal, per a una o per a finalitats m\u00e9s espec\u00edfiques.<\/p>\n\n\n\n<p>L&#039;Usuari tindr\u00e0 dret a revocar el seu consentiment en qualsevol moment. Ser\u00e0 tan f\u00e0cil de retirar el consentiment per donar-la. Com a regla general, la revocaci\u00f3 del consentiment no condicionar l&#039;\u00fas de la p\u00e0gina Web.<\/p>\n\n\n\n<p>En les ocasions en que l&#039;Usuari ha o pot proporcionar les seves dades personals a trav\u00e9s de formularis per fer consultes, demanar informaci\u00f3 o per motius relacionats amb el contingut del lloc Web, que ser\u00e0 informat en el cas que la realitzaci\u00f3 de qualsevol d&#039;ells \u00e9s obligat\u00f2ria perqu\u00e8 s\u00f3n imprescindibles per al correcte desenvolupament de l&#039;operaci\u00f3 que es realitza.<\/p>\n\n\n\n<h4 class=\"wp-block-heading\">Finalitats del tractament per a les quals les dades personals estan destinats<\/h4>\n\n\n\n<p>Les dades personals s\u00f3n recollides i gestionat per Convierte Web amb la finalitat de poder facilitar, agilitzar i complir els compromisos establerts entre el lloc Web i l'Usuari o el manteniment de la relaci\u00f3 que s'estableix en la forma que aquest darrer ompliu-en o al servei d'una petici\u00f3 o consulta.<\/p>\n\n\n\n<p>Tamb\u00e9, les dades poden ser utilitzades per a una finalitat comercial, de personalitzaci\u00f3, operativa i estad\u00edstica, les finalitats i activitats de l'objecte social de la Convierte Web, aix\u00ed com per a l'extracci\u00f3, emmagatzematge de dades i estudis de marketing per adaptar el Contingut que s'ofereix a l'Usuari, aix\u00ed com a millorar la qualitat, funcionament i navegaci\u00f3 de la p\u00e0gina Web.<\/p>\n\n\n\n<p>En el moment que rebem les dades de car\u00e0cter personal, l&#039;Usuari ser\u00e0 informat sobre l&#039;objectiu o finalitat espec\u00edfica de la tramitaci\u00f3 d&#039;invertir en les dades de car\u00e0cter personal; \u00e9s a dir, l&#039;\u00fas o usos que es facin de les informacions recollides.<\/p>\n\n\n\n<h4 class=\"wp-block-heading\">Per\u00edodes de retenci\u00f3 de dades de car\u00e0cter personal<\/h4>\n\n\n\n<p>Les dades personals nom\u00e9s seran retingudes durant el temps m\u00ednim necessari per a les finalitats del seu tractament i, en qualsevol cas, nom\u00e9s durant el seg\u00fcent per\u00edode: del 24 mesos, o fins que l&#039;Usuari sol\u00b7liciti la seva cancel\u00b7laci\u00f3.<\/p>\n\n\n\n<p>En el moment que rebem les dades de car\u00e0cter personal, informem a l&#039;Usuari sobre el per\u00edode durant el qual es conservar\u00e0 les dades personals o, quan aix\u00f2 no \u00e9s possible, els criteris emprats per determinar aquest termini.<\/p>\n\n\n\n<h4 class=\"wp-block-heading\">Destinataris de les dades de car\u00e0cter personal<\/h4>\n\n\n\n<p>Dades personals de l&#039;Usuari ser\u00e0 compartida amb els seg\u00fcents destinataris o categories de destinataris:<\/p>\n\n\n\n<pre class=\"wp-block-preformatted\">Google LLC | Target Plataformes INC | FastComet INC | Hotjar LTD | Automattic INC | Rank Matem\u00e0tiques Ventures LLP | NP Digital LLC<\/pre>\n\n\n\n<p>En el cas que el controlador t\u00e9 la intenci\u00f3 de transfer\u00e8ncia de dades de car\u00e0cter personal a un tercer pa\u00eds o organitzaci\u00f3 internacional, en el moment de l&#039;obtenci\u00f3 de les dades de car\u00e0cter personal, l&#039;Usuari ser\u00e0 informat sobre el tercer pa\u00eds o organitzaci\u00f3 internacional per a les quals pretenen la transfer\u00e8ncia de les dades, aix\u00ed com la concurr\u00e8ncia o no d&#039;una adequaci\u00f3 a la decisi\u00f3 de la Comissi\u00f3.<\/p>\n\n\n\n<h4 class=\"wp-block-heading\">Dades personals de menors d&#039;edat<\/h4>\n\n\n\n<p>Respectant el que estableixen els articles 8 de la RGPD i 7 de la Llei Org\u00e0nica 3\/2018, de 5 de desembre, de Protecci\u00f3 de Dades Personals i la garantia de drets digitals, nom\u00e9s els majors de 14 anys s\u00f3n capa\u00e7os de donar el seu consentiment per al tractament de les seves dades de car\u00e0cter personal en un legal manera per Convierte Web. Si aquest \u00e9s menor de 14 anys, ser\u00e0 necessari el consentiment dels pares o tutors per al tractament, i aix\u00f2 nom\u00e9s pot ser considerat leg\u00edtim en la mesura que les mateixes han estat autoritzades.<\/p>\n\n\n\n<h4 class=\"wp-block-heading\">Confidencialitat i seguretat de les dades de car\u00e0cter personal<\/h4>\n\n\n\n<p>Convierte Web es compromet a adoptar les mesures t\u00e8cniques i organitzatives necess\u00e0ries, segons el nivell de seguretat apropiat al risc de les dades recollides, de manera que es garanteixin la seguretat de les dades de car\u00e0cter personal i evitar la destrucci\u00f3, p\u00e8rdua o accidental o il\u00b7l\u00edcita de dades de car\u00e0cter personal transmesa, que es conserva o no processats, o la comunicaci\u00f3 o l'acc\u00e9s no autoritzat a aquestes dades.<\/p>\n\n\n\n<p>La Web compta amb un certificat SSL (Secure Socket Layer), que garanteix que les dades personals que es transmet de forma segura i de manera confidencial, per la transmissi\u00f3 de dades entre el servidor i l&#039;Usuari, i en resposta, totalment xifrat o encriptat.<\/p>\n\n\n\n<p>No obstant aix\u00f2, perqu\u00e8 Convierte Web, no pot garantir l'inexpugabilidad d'internet, o la total abs\u00e8ncia de hackers o d'altres que accedir d'una manera fraudulenta de les dades personals, el responsable del tractament t\u00e9 l'obligaci\u00f3 d'informar a l'Usuari sense dilacions indegudes quan es produeix una violaci\u00f3 de la seguretat de les dades de car\u00e0cter personal que es pugui suposar un risc elevat per a les llibertats i drets fonamentals de les persones f\u00edsiques. D'acord amb el que s'estableix a l'article 4 de la RGPD, el terme de la violaci\u00f3 de la seguretat de les dades personals de qualsevol incompliment de la seguretat l\u00edder a la destrucci\u00f3, p\u00e8rdua o accidental o il\u00b7l\u00edcita de dades de car\u00e0cter personal transmesa, que es conserva o no processats, o la comunicaci\u00f3 o l'acc\u00e9s no autoritzat a aquestes dades.<\/p>\n\n\n\n<p>Les dades de car\u00e0cter personal seran tractats com confidencials per la controladora, que es compromet a informar i garantir a trav\u00e9s legal o obligaci\u00f3 contractual que aquest tipus de confidencialitat respecte dels seus treballadors, socis i qualsevol persona a qui vam fer la informaci\u00f3 m\u00e9s accessible.<\/p>\n\n\n\n<h4 class=\"wp-block-heading\">Els drets derivats del tractament de dades personals<\/h4>\n\n\n\n<p>L'Usuari t\u00e9 sobre Convierte Web i pot, per tant, exercir en contra del Responsable del tractament de les seg\u00fcents drets reconeguts en el RGPD i de la Llei Org\u00e0nica 3\/2018, de 5 de desembre, de Protecci\u00f3 de Dades Personals i la garantia de drets digitals:<\/p>\n\n\n\n<ul class=\"wp-block-list\">\n<li><em>Dret d&#039;acc\u00e9s:<\/em>&nbsp;\u00c9s l'Usuari el dret a obtenir la confirmaci\u00f3 de si Convierte Web est\u00e0 tractant o no de les seves dades de car\u00e0cter personal i, si \u00e9s aix\u00ed, per obtenir informaci\u00f3 sobre les seves dades espec\u00edfiques de car\u00e0cter personal i del tractament que Convierte Web de maig han fet o fan, aix\u00ed com, entre altres, la informaci\u00f3 disponible sobre l'origen d'aquestes dades i dels destinataris de les comunicacions realitzades o previstes, de la mateixa.<\/li>\n\n\n\n<li><em>Dret de rectificaci\u00f3:<\/em>&nbsp;\u00c9s el dret de l&#039;Usuari modificar les seves dades de car\u00e0cter personal que s\u00f3n inexactes o, tenint en compte les finalitats del tractament, incompleta.<\/li>\n\n\n\n<li><em>Dret a cancel\u00b7laci\u00f3 (&#034;dret a l&#039;oblit&#034;):<\/em>&nbsp;\u00c9s el dret de l&#039;Usuari, sempre que la legislaci\u00f3 vigent no estableix el contrari, per obtenir la cancel\u00b7laci\u00f3 de les seves dades de car\u00e0cter personal quan aquestes no s\u00f3n necessaris per a la finalitat per a la qual haguessin estat recaptats o processats; l&#039;Usuari ha retirat el seu consentiment al tractament, i aix\u00f2 no t\u00e9 un altre fonament jur\u00eddic; l&#039;Usuari objectes per a aquests tractaments, i no hi ha cap altre motiu leg\u00edtim per a procedir a la mateixa; les dades de car\u00e0cter personal han estat injustament tractades; les dades de car\u00e0cter personal han de ser suprimida en compliment d&#039;una obligaci\u00f3 legal; o les dades personals s&#039;han obtingut, el producte d&#039;una relaci\u00f3 directa oferta de serveis de la societat de la informaci\u00f3 a un menor de 14 anys. A m\u00e9s a m\u00e9s de l&#039;eliminaci\u00f3 de les dades, el responsable del tractament, tenint en compte la tecnologia disponible i el cost de la implantaci\u00f3, han de prendre les mesures raonables per informar els responsables pol\u00edtics que estan tractant les dades personals de les dades de la sol\u00b7licitud a la supressi\u00f3 de qualsevol enlla\u00e7os a aquest tipus de dades de car\u00e0cter personal.<\/li>\n\n\n\n<li><em>Dret a la limitaci\u00f3 del tractament:<\/em>&nbsp;\u00c9s l&#039;Usuari el dret de limitar el tractament de les seves dades de car\u00e0cter personal. L&#039;Usuari t\u00e9 dret a obtenir la limitaci\u00f3 de processament quan s&#039;concurs de l&#039;exactitud de les seves dades de car\u00e0cter personal, el tractament \u00e9s il\u00b7legal; el controlador ja no \u00e9s el de les necessitats de les dades personals, per\u00f2 l&#039;Usuari necessita per a fer reclamacions; i quan l&#039;Usuari hagi oposici\u00f3 al tractament.<\/li>\n\n\n\n<li><em>Dret a la portabilitat de les dades:<\/em>&nbsp;En el cas que el tractament es realitza de manera automatitzada, vost\u00e8 t\u00e9 dret a rebre del responsable del tractament de les seves dades personals en un format estructurat, d&#039;\u00fas com\u00fa i mec\u00e0nica de la lectura, i per transmetre-les a un altre responsable del tractament. Si t\u00e8cnicament \u00e9s possible, el controlador es transmeten les dades directament a un altre responsable.<\/li>\n\n\n\n<li><em>Dret d&#039;oposici\u00f3:<\/em>&nbsp;\u00c9s l'Usuari el dret a no dur a terme el tractament de les seves dades de car\u00e0cter personal o cessament en el tractament de les mateixes, Convierte Web.<\/li>\n\n\n\n<li><em>Dret a no ser no estar sotmesos a una decisi\u00f3 basada \u00fanicament en el seu tractament automatitzat, incloent-hi an\u00e0lisis:<\/em>&nbsp;\u00c9s l&#039;Usuari el dret a no ser sotm\u00e8s a un individualitzat decisi\u00f3 basada \u00fanicament en el tractament automatitzat de les seves dades personals, incloent-hi l&#039;elaboraci\u00f3 de perfils existents, llevat que la llei disposi una altra cosa.<\/li>\n<\/ul>\n\n\n\n<p>As\u00ed pues, el Usuario podr\u00e1 ejercitar sus derechos mediante comunicaci\u00f3n escrita dirigida al Responsable del tratamiento con la referencia \u00abRGPD-convierteweb.com\u00bb, especificando:<\/p>\n\n\n\n<ul class=\"wp-block-list\">\n<li>Nom, cognoms de l&#039;Usuari i una c\u00f2pia d&#039;un document d&#039;identitat oficial. En els casos en qu\u00e8 permet la representaci\u00f3, tamb\u00e9 ser\u00e0 necessari identificar-se mitjan\u00e7ant el mateix mitj\u00e0 de la persona que representa l&#039;Usuari, aix\u00ed com el document acreditatiu de la representaci\u00f3<\/li>\n\n\n\n<li>Sol\u00b7licitud espec\u00edfica els motius de la sol\u00b7licitud o de la informaci\u00f3 que voleu accedir.<\/li>\n\n\n\n<li>Adre\u00e7a per a notificacions.<\/li>\n\n\n\n<li>Data i signatura de la persona sol\u00b7licitant.<\/li>\n\n\n\n<li>Tots els document que confirmi la petici\u00f3 realitzada.<\/li>\n<\/ul>\n\n\n\n<p>Aquesta sol\u00b7licitud i qualsevol altre document en aquest document s&#039;enviar\u00e0 a la seg\u00fcent adre\u00e7a i\/o correu electr\u00f2nic:<\/p>\n\n\n\n<p>E-mail: info@convierteweb.com<\/p>\n\n\n\n<h4 class=\"wp-block-heading\">Enlla\u00e7os a llocs web de tercers<\/h4>\n\n\n\n<p>El Lloc Web pot incloure enlla\u00e7os o links que permeten l'acc\u00e9s a p\u00e0gines web de tercers a les altres que Convierte Web, i per tant no s\u00f3n operats per Convierte Web. Els titulars d'aquests llocs web tindr\u00e0 la seva pr\u00f2pia protecci\u00f3 de dades pol\u00edtiques, ser ells mateixos, en cada cas, responsables dels seus propis fitxers i de les seves pr\u00f2pies pr\u00e0ctiques de privadesa.<\/p>\n\n\n\n<h4 class=\"wp-block-heading\">Les queixes per l&#039;autoritat supervisora<\/h4>\n\n\n\n<p>En el cas que l&#039;Usuari consideri que hi ha un problema ni la infracci\u00f3 de cap normativa en vigor, en la manera que vost\u00e8 tractar les seves dades de car\u00e0cter personal, vost\u00e8 t\u00e9 el dret a la tutela judicial efectiva i a presentar una den\u00fancia davant una autoritat de control, en particular, en l&#039;Estat en qu\u00e8 t\u00e9 la seva resid\u00e8ncia habitual, lloc de treball o lloc de la infracci\u00f3.<\/p>\n\n\n\n<h3 class=\"wp-block-heading\">II. Acceptaci\u00f3 i canvis a aquesta pol\u00edtica de privacitat<\/h3>\n\n\n\n<p>\u00c9s necessari que l&#039;Usuari ha llegit i est\u00e0 conforme amb les condicions sobre la protecci\u00f3 de dades de car\u00e0cter personal contingudes en aquesta Pol\u00edtica de Privacitat, aix\u00ed com acceptar el tractament de les seves dades personals per a les controlador per a procedir amb la mateixa en la forma, els terminis i per a les finalitats indicades. L&#039;\u00fas del lloc Web implica l&#039;acceptaci\u00f3 de la Pol\u00edtica de Privacitat de la mateixa.<\/p>\n\n\n\n<p>Convertir lloc Web es reserva el dret de modificar la seva Pol\u00edtica de Privadesa, segons els seus propis criteris o motivat per un canvi legislatiu, jurisprudencial o doctrinal. Qualsevol canvi o actualitzaci\u00f3 d&#039;aquesta Pol\u00edtica de Privacitat no ser\u00e0 notificat de forma expl\u00edcita a l&#039;Usuari. L&#039;Usuari es recomana consultar peri\u00f2dicament aquesta p\u00e0gina estar al dia de les novetats o actualitzacions.<\/p>\n\n\n\n<p>Esta Pol\u00edtica de Privacidad fue actualizada para adaptarse al Reglamento (UE) 2016\/679 del Parlamento Europeo y del Consejo, de 27 de abril de 2016, relativo a la protecci\u00f3n de las personas f\u00edsicas en lo que respecta al tratamiento de datos personales y a la libre circulaci\u00f3n de estos datos (RGPD), a la Ley Org\u00e1nica 3\/2018, de 5 de diciembre, de Protecci\u00f3n de Datos Personales y garant\u00eda de los derechos digitales.<\/p>\n\n\n\n<p>\u00daltima actualizaci\u00f3n: 10\/10\/2025.<\/p>","protected":false},"excerpt":{"rendered":"<p>Pol\u00edtica de Privacidad del Sitio Web https:\/\/convierteweb.com I. Pol\u00edtica de privacidad y protecci\u00f3n de datos Respetando lo establecido en la legislaci\u00f3n vigente,&nbsp;Convierte Web&nbsp;(en adelante, tambi\u00e9n Sitio Web) se compromete a adoptar las medidas t\u00e9cnicas y organizativas necesarias, seg\u00fan el nivel de seguridad adecuado al riesgo de los datos recogidos. Leyes que incorpora esta pol\u00edtica de [&hellip;]<\/p>\n","protected":false},"author":1,"featured_media":0,"parent":0,"menu_order":0,"comment_status":"closed","ping_status":"closed","template":"","meta":{"footnotes":""},"class_list":["post-1255","page","type-page","status-publish","hentry"],"_links":{"self":[{"href":"https:\/\/convierteweb.com\/ca\/wp-json\/wp\/v2\/pages\/1255","targetHints":{"allow":["GET"]}}],"collection":[{"href":"https:\/\/convierteweb.com\/ca\/wp-json\/wp\/v2\/pages"}],"about":[{"href":"https:\/\/convierteweb.com\/ca\/wp-json\/wp\/v2\/types\/page"}],"author":[{"embeddable":true,"href":"https:\/\/convierteweb.com\/ca\/wp-json\/wp\/v2\/users\/1"}],"replies":[{"embeddable":true,"href":"https:\/\/convierteweb.com\/ca\/wp-json\/wp\/v2\/comments?post=1255"}],"version-history":[{"count":0,"href":"https:\/\/convierteweb.com\/ca\/wp-json\/wp\/v2\/pages\/1255\/revisions"}],"wp:attachment":[{"href":"https:\/\/convierteweb.com\/ca\/wp-json\/wp\/v2\/media?parent=1255"}],"curies":[{"name":"wp","href":"https:\/\/api.w.org\/{rel}","templated":true}]}}