{"id":1253,"date":"2023-05-10T15:11:48","date_gmt":"2023-05-10T15:11:48","guid":{"rendered":"https:\/\/convierteweb.com\/?page_id=1253"},"modified":"2023-05-11T04:27:23","modified_gmt":"2023-05-11T04:27:23","slug":"politica-de-cookies","status":"publish","type":"page","link":"https:\/\/convierteweb.com\/ca\/politica-de-cookies\/","title":{"rendered":"Pol\u00edtica de Cookies"},"content":{"rendered":"<p>Data d&#039;entrada en vigor: 12-Feb-2023<br>\u00daltima actualitzaci\u00f3: 12-Feb-2023<\/p>\n\n\n\n<h2 class=\"wp-block-heading\">Qu\u00e8 s\u00f3n les \"cookies\" o galetes?<\/h2>\n\n\n\n<p>Aquesta galeta Pol\u00edtica explica que s\u00f3n les cookies i com les fem servir, el tipus de galetes que utilitzem, \u00e9s a dir, la informaci\u00f3 recollida mitjan\u00e7ant les cookies i com s&#039;utilitza la informaci\u00f3, i com gestionar la configuraci\u00f3 de les galetes.<br>Les Cookies s\u00f3n petits arxius de text que s&#039;utilitzen per emmagatzemar petites peces d&#039;informaci\u00f3. S&#039;emmagatzema en el dispositiu, quan el lloc web est\u00e0 carregat en el vostre navegador. Aquestes cookies ens ajuden a fer la funci\u00f3 de lloc web correctament, fer-lo m\u00e9s segur, proporcionen una millor experi\u00e8ncia d&#039;usuari, i entendre com funciona el lloc web i per analitzar qu\u00e8 funciona i qu\u00e8 cal millorar.<\/p>\n\n\n\n<h2 class=\"wp-block-heading\">Quin \u00fas fem de les cookies?<\/h2>\n\n\n\n<p>Com la majoria dels serveis en l\u00ednia, el nostre lloc web utilitza galetes pr\u00f2pies i de tercers amb finalitats diverses. Primer partit de cookies s\u00f3n en la seva majoria necess\u00e0ria per al lloc web funcioni de la manera correcta, i no recull cap de les vostres dades d&#039;identificaci\u00f3 personal.<br>Les galetes de tercers utilitzat en la nostra web s\u00f3n principalment per a la comprensi\u00f3 de com funciona el lloc web, com vost\u00e8 interactuar amb el nostre lloc web, mantenint els nostres serveis segura, proporcionar anuncis que siguin rellevants per a l&#039;usuari i, en general, proporcionar-li una millor experi\u00e8ncia d&#039;usuari i millorar i accelerar el seu futur interaccions amb la nostra p\u00e0gina web.<\/p>\n\n\n\n<h2 class=\"wp-block-heading\">Tipus de galetes utilitzem<\/h2>\n\n\n\n<div class=\"cky-audit-table-element\"><\/div>\n\n\n\n<h2 class=\"wp-block-heading\">Per gestionar les prefer\u00e8ncies de cookies<\/h2>\n\n\n\n<a href=\"#\" class=\"cky-banner-element\">Canviar la configuraci\u00f3 de cookies<\/a>\n\n\n\n<div style=\"height:25px\" aria-hidden=\"true\" class=\"wp-block-spacer\"><\/div>\n\n\n\n<p>Podeu canviar les vostres prefer\u00e8ncies de cookies en qualsevol moment fent clic en el bot\u00f3 de dalt. Aix\u00f2 us permetr\u00e0 revisar la bandera de consentiment per a les galetes i per canviar les vostres prefer\u00e8ncies o retirar el seu consentiment de forma immediata.<br>A m\u00e9s a m\u00e9s, diferents navegadors proporcionen diferents m\u00e8todes per a bloquejar i eliminar aquestes cookies utilitzades en els websites. Vost\u00e8 pot canviar la configuraci\u00f3 del vostre navegador per bloquejar\/esborrar les galetes. A continuaci\u00f3 s&#039;enumeren els enlla\u00e7os als documents de suport sobre com gestionar i suprimir les galetes de la majoria de navegadors web.<br>Chrome:<a href=\"https:\/\/support.google.com\/accounts\/answer\/32050\" target=\"_blank\" rel=\"noreferrer noopener\">\u00a0https:\/\/support.google.com\/accounts\/answer\/32050<\/a><br>Safari:\u00a0<a href=\"https:\/\/support.apple.com\/en-in\/guide\/safari\/sfri11471\/mac\" target=\"_blank\" rel=\"noreferrer noopener\">https:\/\/support.apple.com\/en-in\/guide\/safari\/sfri11471\/mac<\/a><br>Firefox:\u00a0<a href=\"https:\/\/support.mozilla.org\/en-US\/kb\/clear-cookies-and-site-data-firefox?redirectslug=delete-cookies-remove-info-websites-stored&amp;redirectlocale=en-US\" target=\"_blank\" rel=\"noreferrer noopener\">https:\/\/support.mozilla.org\/en-US\/kb\/clear-cookies-and-site-data-firefox?redirectslug=delete-cookies-remove-info-websites-stored&amp;redirectlocale=en-US<\/a><br>Edge:\u00a0<a href=\"https:\/\/support.microsoft.com\/en-us\/topic\/how-to-delete-cookie-files-in-internet-explorer-bca9446f-d873-78de-77ba-d42645fa52fc\" target=\"_blank\" rel=\"noreferrer noopener\">https:\/\/support.microsoft.com\/en-us\/topic\/how-to-delete-cookie-files-in-internet-explorer-bca9446f-d873-78de-77ba-d42645fa52fc<\/a><br>Si esteu fent servir qualsevol altre navegador web, si us plau visiti els documents de suport amb funcionaris en el vostre navegador.<\/p>","protected":false},"excerpt":{"rendered":"<p>Fecha de entrada en vigor: 12-Feb-2023\u00daltima actualizaci\u00f3n: 12-Feb-2023 \u00bfQu\u00e9 son las cookies? Esta Pol\u00edtica de cookies explica qu\u00e9 son las cookies y c\u00f3mo las usamos, los tipos de cookies que utilizamos, es decir, la informaci\u00f3n que recopilamos mediante cookies y c\u00f3mo se utiliza esa informaci\u00f3n, y c\u00f3mo administrar la configuraci\u00f3n de cookies.Las cookies son peque\u00f1os [&hellip;]<\/p>\n","protected":false},"author":1,"featured_media":0,"parent":0,"menu_order":0,"comment_status":"closed","ping_status":"closed","template":"","meta":{"footnotes":""},"class_list":["post-1253","page","type-page","status-publish","hentry"],"_links":{"self":[{"href":"https:\/\/convierteweb.com\/ca\/wp-json\/wp\/v2\/pages\/1253","targetHints":{"allow":["GET"]}}],"collection":[{"href":"https:\/\/convierteweb.com\/ca\/wp-json\/wp\/v2\/pages"}],"about":[{"href":"https:\/\/convierteweb.com\/ca\/wp-json\/wp\/v2\/types\/page"}],"author":[{"embeddable":true,"href":"https:\/\/convierteweb.com\/ca\/wp-json\/wp\/v2\/users\/1"}],"replies":[{"embeddable":true,"href":"https:\/\/convierteweb.com\/ca\/wp-json\/wp\/v2\/comments?post=1253"}],"version-history":[{"count":0,"href":"https:\/\/convierteweb.com\/ca\/wp-json\/wp\/v2\/pages\/1253\/revisions"}],"wp:attachment":[{"href":"https:\/\/convierteweb.com\/ca\/wp-json\/wp\/v2\/media?parent=1253"}],"curies":[{"name":"wp","href":"https:\/\/api.w.org\/{rel}","templated":true}]}}